{"id":30,"date":"2024-01-27T16:24:35","date_gmt":"2024-01-27T19:24:35","guid":{"rendered":"https:\/\/rforti.com\/servicos\/"},"modified":"2024-01-27T16:24:35","modified_gmt":"2024-01-27T19:24:35","slug":"servicos","status":"publish","type":"page","link":"http:\/\/www.rforti.com.br\/?page_id=30","title":{"rendered":"Servi\u00e7os"},"content":{"rendered":"\n<h2 class=\"wp-block-heading\">Conhe\u00e7a Nossos Servi\u00e7os<\/h2>\n\n\n\n<div class=\"wp-block-cover alignfull has-custom-content-position is-position-top-center has-background-color has-text-color has-link-color wp-elements-6e29d562eedc2c3aaab2c0bc171dfb7b\" style=\"margin-top:var(--wp--preset--spacing--70);margin-bottom:var(--wp--preset--spacing--70)\"><span aria-hidden=\"true\" class=\"wp-block-cover__background has-primary-background-color has-background-dim-10 has-background-dim\"><\/span><img decoding=\"async\" class=\"wp-block-cover__image-background wp-image-45\" alt=\"\" src=\"https:\/\/rforticom.files.wordpress.com\/2024\/01\/1-2.jpeg\" data-object-fit=\"cover\"\/><div class=\"wp-block-cover__inner-container has-global-padding is-layout-constrained wp-container-core-cover-is-layout-d539261c wp-block-cover-is-layout-constrained\">\n<p class=\"has-text-align-center has-large-font-size\"><\/p>\n<\/div><\/div>\n\n\n\n<div class=\"wp-block-group alignfull has-primary-color has-text-color has-link-color wp-elements-b01e94e1d687df30afe42ab3bd34be75 has-global-padding is-layout-constrained wp-container-core-group-is-layout-f4110d2a wp-block-group-is-layout-constrained\" style=\"margin-top:var(--wp--preset--spacing--70);margin-bottom:var(--wp--preset--spacing--70);padding-right:var(--wp--preset--spacing--50);padding-left:var(--wp--preset--spacing--50)\">\n<div class=\"wp-block-columns alignwide is-layout-flex wp-container-core-columns-is-layout-14cf5ab5 wp-block-columns-is-layout-flex\">\n<div class=\"wp-block-column is-layout-flow wp-block-column-is-layout-flow\" style=\"border-bottom-color:#4747471a;border-bottom-width:1px;padding-bottom:var(--wp--preset--spacing--50)\">\n<div class=\"wp-block-group is-layout-flow wp-container-core-group-is-layout-d20b24df wp-block-group-is-layout-flow\" style=\"padding-top:10px;padding-bottom:10px\">\n<h3 class=\"wp-block-heading has-ast-global-color-2-color has-text-color\">Consultoria<\/h3>\n\n\n\n<p class=\"has-ast-global-color-3-color has-text-color\">Nossos servi\u00e7os de consultoria s\u00e3o personalizados para desbloquear seu potencial e te guiar rumo ao sucesso. Seja nosso parceiro, e juntos transformaremos desafios em oportunidades.<\/p>\n<\/div>\n<\/div>\n\n\n\n<div class=\"wp-block-column is-layout-flow wp-block-column-is-layout-flow\" style=\"border-bottom-color:#4747471a;border-bottom-width:1px;padding-bottom:var(--wp--preset--spacing--50)\">\n<div class=\"wp-block-group is-layout-flow wp-container-core-group-is-layout-d20b24df wp-block-group-is-layout-flow\" style=\"padding-top:10px;padding-bottom:10px\">\n<h3 class=\"wp-block-heading has-ast-global-color-2-color has-text-color\">Treinamento<\/h3>\n\n\n\n<p class=\"has-ast-global-color-3-color has-text-color\">Acreditamos no poder transformador do conhecimento. Nossos programas de treinamento s\u00e3o meticulosamente elaborados para elevar habilidades, aumentar confian\u00e7a e incentivar inova\u00e7\u00e3o.<\/p>\n<\/div>\n<\/div>\n<\/div>\n\n\n\n<div class=\"wp-block-columns alignwide is-layout-flex wp-container-core-columns-is-layout-14cf5ab5 wp-block-columns-is-layout-flex\">\n<div class=\"wp-block-column is-layout-flow wp-block-column-is-layout-flow\" style=\"border-bottom-color:#4747471a;border-bottom-width:1px;padding-bottom:var(--wp--preset--spacing--50)\">\n<div class=\"wp-block-group is-layout-flow wp-container-core-group-is-layout-012e9a40 wp-block-group-is-layout-flow\" style=\"padding-top:10px;padding-right:0px;padding-bottom:10px;padding-left:0px\">\n<h3 class=\"wp-block-heading has-ast-global-color-2-color has-text-color\">Gerenciamento<\/h3>\n\n\n\n<p class=\"has-ast-global-color-3-color has-text-color\">N\u00f3s priorizamos uma abordagem hol\u00edstica, garantindo que cada aspecto de suas opera\u00e7\u00f5es esteja otimizado para um desempenho m\u00e1ximo. Com foco em estrat\u00e9gia e adaptabilidade, transformamos vis\u00f5es em resultados tang\u00edveis.<\/p>\n<\/div>\n<\/div>\n\n\n\n<div class=\"wp-block-column is-layout-flow wp-block-column-is-layout-flow\" style=\"border-bottom-color:#4747471a;border-bottom-width:1px;padding-bottom:var(--wp--preset--spacing--50)\">\n<div class=\"wp-block-group is-layout-flow wp-container-core-group-is-layout-d20b24df wp-block-group-is-layout-flow\" style=\"padding-top:10px;padding-bottom:10px\">\n<h3 class=\"wp-block-heading has-ast-global-color-2-color has-text-color\">Suporte<\/h3>\n\n\n\n<p class=\"has-ast-global-color-3-color has-text-color\">Por tr\u00e1s de cada desafio, h\u00e1 uma oportunidade de assist\u00eancia incompar\u00e1vel. N\u00f3s entendemos as complexidades das suas necessidades e estamos comprometidos em fornecer assist\u00eancia r\u00e1pida a cada passo do caminho.<\/p>\n<\/div>\n<\/div>\n<\/div>\n<\/div>\n\n\n\n<div class=\"wp-block-group alignwide has-global-padding is-layout-constrained wp-block-group-is-layout-constrained\">\n<div class=\"wp-block-columns alignwide is-layout-flex wp-container-core-columns-is-layout-28f84493 wp-block-columns-is-layout-flex\">\n<div class=\"wp-block-column is-layout-flow wp-block-column-is-layout-flow\"><\/div>\n\n\n\n<div class=\"wp-block-column is-layout-flow wp-block-column-is-layout-flow\"><\/div>\n<\/div>\n\n\n\n<div style=\"height:100px\" aria-hidden=\"true\" class=\"wp-block-spacer\"><\/div>\n<\/div>\n","protected":false},"excerpt":{"rendered":"<p>Conhe\u00e7a Nossos Servi\u00e7os Consultoria Nossos servi\u00e7os de consultoria s\u00e3o personalizados para desbloquear seu potencial e te guiar rumo ao sucesso. Seja nosso parceiro, e juntos transformaremos desafios em oportunidades. Treinamento Acreditamos no poder transformador do conhecimento. Nossos programas de treinamento s\u00e3o meticulosamente elaborados para elevar habilidades, aumentar confian\u00e7a e incentivar inova\u00e7\u00e3o. Gerenciamento N\u00f3s priorizamos uma [&hellip;]<\/p>\n","protected":false},"author":2,"featured_media":0,"parent":0,"menu_order":0,"comment_status":"closed","ping_status":"closed","template":"","meta":{"footnotes":""},"class_list":["post-30","page","type-page","status-publish","hentry"],"_links":{"self":[{"href":"http:\/\/www.rforti.com.br\/index.php?rest_route=\/wp\/v2\/pages\/30","targetHints":{"allow":["GET"]}}],"collection":[{"href":"http:\/\/www.rforti.com.br\/index.php?rest_route=\/wp\/v2\/pages"}],"about":[{"href":"http:\/\/www.rforti.com.br\/index.php?rest_route=\/wp\/v2\/types\/page"}],"author":[{"embeddable":true,"href":"http:\/\/www.rforti.com.br\/index.php?rest_route=\/wp\/v2\/users\/2"}],"replies":[{"embeddable":true,"href":"http:\/\/www.rforti.com.br\/index.php?rest_route=%2Fwp%2Fv2%2Fcomments&post=30"}],"version-history":[{"count":0,"href":"http:\/\/www.rforti.com.br\/index.php?rest_route=\/wp\/v2\/pages\/30\/revisions"}],"wp:attachment":[{"href":"http:\/\/www.rforti.com.br\/index.php?rest_route=%2Fwp%2Fv2%2Fmedia&parent=30"}],"curies":[{"name":"wp","href":"https:\/\/api.w.org\/{rel}","templated":true}]}}