{"id":95,"date":"2024-02-16T21:21:34","date_gmt":"2024-02-17T00:21:34","guid":{"rendered":"https:\/\/duda.mentalout.com.br\/?page_id=95"},"modified":"2024-02-16T22:39:21","modified_gmt":"2024-02-17T01:39:21","slug":"pi","status":"publish","type":"page","link":"http:\/\/www.rforti.com.br\/","title":{"rendered":"P\u00e1gina Principal"},"content":{"rendered":"\n<div class=\"wp-block-cover alignfull has-custom-content-position is-position-top-center wp-duotone-unset-1\" style=\"padding-top:var(--wp--preset--spacing--80);padding-right:var(--wp--preset--spacing--50);padding-bottom:var(--wp--preset--spacing--80);padding-left:var(--wp--preset--spacing--50);min-height:658px;aspect-ratio:unset;\"><span aria-hidden=\"true\" class=\"wp-block-cover__background has-black-background-color has-background-dim-20 has-background-dim\"><\/span><img decoding=\"async\" class=\"wp-block-cover__image-background wp-image-22\" alt=\"\" src=\"https:\/\/rforticom.files.wordpress.com\/2024\/01\/3-1.jpeg\" style=\"object-position:50% 5%\" data-object-fit=\"cover\" data-object-position=\"50% 5%\"\/><div class=\"wp-block-cover__inner-container is-layout-flow wp-block-cover-is-layout-flow\">\n<h1 class=\"wp-block-heading has-text-align-center has-background-color has-text-color has-link-color wp-elements-0e8bd0ec892663b24aca81c7ce2da52d\"><strong>Voc\u00ea procura comprometimento, inova\u00e7\u00e3o e qualidade?<\/strong><\/h1>\n\n\n\n<div class=\"wp-block-group has-white-color has-text-color has-link-color wp-elements-81552366816d0225369a26a877317000 has-global-padding is-layout-constrained wp-container-core-group-is-layout-85960570 wp-block-group-is-layout-constrained\">\n<div class=\"wp-block-buttons is-content-justification-center is-layout-flex wp-container-core-buttons-is-layout-a89b3969 wp-block-buttons-is-layout-flex\"><\/div>\n<\/div>\n<\/div><\/div>\n\n\n\n<div class=\"wp-block-group alignfull has-global-padding is-layout-constrained wp-container-core-group-is-layout-4c8037ab wp-block-group-is-layout-constrained\" style=\"margin-top:0px;margin-bottom:0px;padding-top:var(--wp--preset--spacing--80);padding-right:var(--wp--preset--spacing--60);padding-bottom:var(--wp--preset--spacing--80);padding-left:var(--wp--preset--spacing--60)\">\n<div class=\"wp-block-columns alignwide is-layout-flex wp-container-core-columns-is-layout-6ef9061c wp-block-columns-is-layout-flex\">\n<div class=\"wp-block-column is-layout-flow wp-block-column-is-layout-flow\">\n<figure class=\"wp-block-gallery has-nested-images columns-default is-cropped wp-block-gallery-2 is-layout-flex wp-block-gallery-is-layout-flex\">\n<figure class=\"wp-block-image size-large is-style-rounded\"><img decoding=\"async\" data-id=\"38\" src=\"https:\/\/rforticom.files.wordpress.com\/2024\/01\/adobestock_688280060-1-2.jpeg?w=1024\" alt=\"\" class=\"wp-image-38\"\/><\/figure>\n<\/figure>\n<\/div>\n\n\n\n<div class=\"wp-block-column is-vertically-aligned-center is-layout-flow wp-block-column-is-layout-flow\">\n<h2 class=\"wp-block-heading\" style=\"margin-top:0px\">Sobre n\u00f3s<\/h2>\n\n\n\n<p>Na RForti, estamos comprometidos em oferecer solu\u00e7\u00f5es excepcionais que atendam \u00e0s suas necessidades e excedam suas expectativas. Combinamos inova\u00e7\u00e3o, experi\u00eancia e compromisso com a qualidade para entregar resultados que impulsionam o seu sucesso.<\/p>\n\n\n\n<p class=\"has-link-color wp-elements-17b3405597fcf1bdf854b75b5e71c550\"><strong><a href=\"https:\/\/duda.mentalout.com.br\/index.php\/sobre\/\" data-type=\"page\" data-id=\"7\">Saiba mais<\/a><\/strong><\/p>\n<\/div>\n<\/div>\n<\/div>\n\n\n\n<h2 class=\"wp-block-heading has-text-align-center\">Nossos servi\u00e7os<\/h2>\n\n\n\n<p class=\"has-background-color has-text-color has-link-color wp-elements-bf2720a80edb12cf04d36a3f1c969c8e\">h<\/p>\n\n\n\n<p class=\"has-background-color has-text-color has-link-color wp-elements-bf2720a80edb12cf04d36a3f1c969c8e\">h<\/p>\n\n\n\n<div class=\"wp-block-columns alignwide is-layout-flex wp-container-core-columns-is-layout-28f84493 wp-block-columns-is-layout-flex\">\n<div class=\"wp-block-column is-layout-flow wp-block-column-is-layout-flow\">\n<div class=\"wp-block-cover has-custom-content-position is-position-top-center\" style=\"min-height:547px;aspect-ratio:unset;\"><span aria-hidden=\"true\" class=\"wp-block-cover__background has-foreground-background-color has-background-dim-20 has-background-dim\"><\/span><img decoding=\"async\" class=\"wp-block-cover__image-background wp-image-73\" alt=\"\" src=\"https:\/\/rforticom.files.wordpress.com\/2024\/01\/adobestock_695267203.jpeg\" data-object-fit=\"cover\"\/><div class=\"wp-block-cover__inner-container is-layout-flow wp-block-cover-is-layout-flow\">\n<div class=\"wp-block-group has-global-padding is-layout-constrained wp-container-core-group-is-layout-e0082cf6 wp-block-group-is-layout-constrained\">\n<h2 class=\"wp-block-heading has-text-align-center has-background-color has-text-color has-large-font-size\">Consultoria<\/h2>\n\n\n\n<p class=\"has-text-align-center has-background-color has-text-color has-link-color wp-elements-cf8d271c1c0946a349e2f98b484b0f10\"><a href=\"http:\/\/www.rforti.com.br\/?page_id=30\" data-type=\"page\" data-id=\"30\">Saiba mais<\/a><\/p>\n<\/div>\n<\/div><\/div>\n<\/div>\n\n\n\n<div class=\"wp-block-column is-layout-flow wp-block-column-is-layout-flow\">\n<div class=\"wp-block-cover has-custom-content-position is-position-top-center\" style=\"min-height:547px;aspect-ratio:unset;\"><span aria-hidden=\"true\" class=\"wp-block-cover__background has-foreground-background-color has-background-dim-30 has-background-dim\"><\/span><img decoding=\"async\" class=\"wp-block-cover__image-background wp-image-42\" alt=\"\" src=\"https:\/\/rforticom.files.wordpress.com\/2024\/01\/plano-de-fundo-de-programacao-com-pessoa-trabalhando-com-codigos-no-computador-scaled-1.jpg\" data-object-fit=\"cover\"\/><div class=\"wp-block-cover__inner-container is-layout-flow wp-block-cover-is-layout-flow\">\n<div class=\"wp-block-group has-global-padding is-layout-constrained wp-container-core-group-is-layout-e0082cf6 wp-block-group-is-layout-constrained\">\n<h6 class=\"wp-block-heading has-text-align-center has-background-color has-text-color has-large-font-size\"><strong>Treinamento<\/strong><\/h6>\n\n\n\n<p class=\"has-text-align-center has-background-color has-text-color has-link-color wp-elements-cf8d271c1c0946a349e2f98b484b0f10\"><a href=\"http:\/\/www.rforti.com.br\/?page_id=30\" data-type=\"page\" data-id=\"30\">Saiba mais<\/a><\/p>\n<\/div>\n<\/div><\/div>\n<\/div>\n\n\n\n<div class=\"wp-block-column is-layout-flow wp-block-column-is-layout-flow\">\n<div class=\"wp-block-cover has-custom-content-position is-position-top-center\" style=\"min-height:548px;aspect-ratio:unset;\"><span aria-hidden=\"true\" class=\"wp-block-cover__background has-foreground-background-color has-background-dim-20 has-background-dim\"><\/span><img decoding=\"async\" class=\"wp-block-cover__image-background wp-image-41\" alt=\"\" src=\"https:\/\/rforticom.files.wordpress.com\/2024\/01\/adobestock_696925949-2.jpeg\" data-object-fit=\"cover\"\/><div class=\"wp-block-cover__inner-container is-layout-flow wp-block-cover-is-layout-flow\">\n<div class=\"wp-block-group has-global-padding is-layout-constrained wp-container-core-group-is-layout-e0082cf6 wp-block-group-is-layout-constrained\">\n<h6 class=\"wp-block-heading has-text-align-center has-background-color has-text-color has-large-font-size\"><strong>Suporte<\/strong><\/h6>\n\n\n\n<p class=\"has-text-align-center has-background-color has-text-color has-link-color wp-elements-cf8d271c1c0946a349e2f98b484b0f10\"><a href=\"http:\/\/www.rforti.com.br\/?page_id=30\" data-type=\"page\" data-id=\"30\">Saiba mais<\/a><\/p>\n<\/div>\n<\/div><\/div>\n<\/div>\n<\/div>\n\n\n\n<p class=\"has-background-color has-text-color has-link-color wp-elements-bf2720a80edb12cf04d36a3f1c969c8e\">h<\/p>\n\n\n\n<div class=\"wp-block-group alignfull has-background-background-color has-background has-global-padding is-layout-constrained wp-container-core-group-is-layout-3d386582 wp-block-group-is-layout-constrained\" style=\"margin-top:0px;margin-bottom:0px;padding-top:var(--wp--preset--spacing--80);padding-right:var(--wp--preset--spacing--50);padding-bottom:var(--wp--preset--spacing--80);padding-left:var(--wp--preset--spacing--50);background-image:url(&#039;https:\/\/rforticom.files.wordpress.com\/2024\/01\/captura-de-tela-2024-01-28-205400.png&#039;);background-size:cover;\">\n<h2 class=\"wp-block-heading alignwide has-text-align-center has-background-color has-text-color has-link-color wp-elements-b8e36685f9e5d0a39529e9f3135e508e\"><strong>Por que nos escolher?<\/strong><\/h2>\n\n\n\n<div style=\"height:1px\" aria-hidden=\"true\" class=\"wp-block-spacer\"><\/div>\n\n\n\n<div class=\"wp-block-columns alignwide is-layout-flex wp-container-core-columns-is-layout-28f84493 wp-block-columns-is-layout-flex\">\n<div class=\"wp-block-column is-layout-flow wp-container-core-column-is-layout-119bc444 wp-block-column-is-layout-flow\" style=\"flex-basis:25%\">\n<p class=\"has-background-color has-text-color has-link-color wp-elements-65f5f55bdc7cc499caf65a5af5e98bb5\"><strong>Excel\u00eancia<\/strong><\/p>\n\n\n\n<p class=\"has-background-color has-text-color has-link-color has-small-font-size wp-elements-f37a1e6e34721dcae3a53f302696bb7d\">Criamos experi\u00eancias inigual\u00e1veis, visando a perfei\u00e7\u00e3o e dando aten\u00e7\u00e3o aos m\u00ednimos detalhes, que superam suas expectativas.<\/p>\n<\/div>\n\n\n\n<div class=\"wp-block-column is-layout-flow wp-container-core-column-is-layout-119bc444 wp-block-column-is-layout-flow\" style=\"flex-basis:25%\">\n<p class=\"has-background-color has-text-color has-link-color wp-elements-dcfc24cb885170bed2c1cc3dc7855c10\"><strong>Profissionalismo<\/strong><\/p>\n\n\n\n<p class=\"has-background-color has-text-color has-link-color has-small-font-size wp-elements-cb360d47072f1ed36338b2d1cdb2d898\">Entregamos um servi\u00e7o de alto n\u00edvel e usamos nosso conhecimento para lidar com as solicita\u00e7\u00f5es, assim sua jornada pode ser tranquila e sem complica\u00e7\u00f5es.<\/p>\n<\/div>\n\n\n\n<div class=\"wp-block-column is-layout-flow wp-container-core-column-is-layout-119bc444 wp-block-column-is-layout-flow\" style=\"flex-basis:25%\">\n<p class=\"has-background-color has-text-color has-link-color wp-elements-c709f298b37184e6515bd732d1147c6e\"><strong>Conhecimentos espec\u00edficos<\/strong><\/p>\n\n\n\n<p class=\"has-background-color has-text-color has-link-color has-small-font-size wp-elements-b378f8b4a48351d177e745dab4549687\">Nosso conhecimento profundo do setor permite oferecer um servi\u00e7o planejado especificamente para as necessidades da sua empresa.<\/p>\n<\/div>\n\n\n\n<div class=\"wp-block-column is-layout-flow wp-container-core-column-is-layout-119bc444 wp-block-column-is-layout-flow\" style=\"flex-basis:25%\">\n<p class=\"has-background-color has-text-color has-link-color wp-elements-167d8e28682c51ca92e6220d96c256b9\"><strong>Integridade<\/strong><\/p>\n\n\n\n<p class=\"has-background-color has-text-color has-link-color has-small-font-size wp-elements-4d66d738e756c7e888c1048324d128c8\">Em toda empreitada, desde a colabora\u00e7\u00e3o at\u00e9 a tomada de decis\u00f5es, n\u00f3s defendemos a transpar\u00eancia, a honestidade e a sinceridade.<\/p>\n<\/div>\n<\/div>\n\n\n\n<div style=\"height:1px\" aria-hidden=\"true\" class=\"wp-block-spacer\"><\/div>\n<\/div>\n\n\n\n<div class=\"wp-block-group alignfull has-global-padding is-layout-constrained wp-container-core-group-is-layout-e3fb6961 wp-block-group-is-layout-constrained\" style=\"margin-top:0px;margin-bottom:0px;padding-top:var(--wp--preset--spacing--80);padding-right:var(--wp--preset--spacing--50);padding-bottom:var(--wp--preset--spacing--80);padding-left:var(--wp--preset--spacing--50)\">\n<h3 class=\"wp-block-heading has-text-align-center\" style=\"margin-top:20px;margin-right:0px;margin-bottom:0px;margin-left:0px;line-height:1.1\">Quer saber mais sobre como a RForti pode ajudar sua empresa a prosperar? <\/h3>\n\n\n\n<div class=\"wp-block-buttons is-content-justification-center is-layout-flex wp-container-core-buttons-is-layout-a89b3969 wp-block-buttons-is-layout-flex\">\n<div class=\"wp-block-button\"><a class=\"wp-block-button__link wp-element-button\" href=\"http:\/\/www.rforti.com.br\/?page_id=31\" target=\"_blank\" rel=\"noreferrer noopener\">Entre em contato<\/a><\/div>\n<\/div>\n<\/div>\n","protected":false},"excerpt":{"rendered":"<p>Sobre n\u00f3s Na RForti, estamos comprometidos em oferecer solu\u00e7\u00f5es excepcionais que atendam \u00e0s suas necessidades e excedam suas expectativas. Combinamos inova\u00e7\u00e3o, experi\u00eancia e compromisso com a qualidade para entregar resultados que impulsionam o seu sucesso. Saiba mais Nossos servi\u00e7os h h h Por que nos escolher? Excel\u00eancia Criamos experi\u00eancias inigual\u00e1veis, visando a perfei\u00e7\u00e3o e dando [&hellip;]<\/p>\n","protected":false},"author":2,"featured_media":0,"parent":0,"menu_order":0,"comment_status":"closed","ping_status":"closed","template":"","meta":{"footnotes":""},"class_list":["post-95","page","type-page","status-publish","hentry"],"_links":{"self":[{"href":"http:\/\/www.rforti.com.br\/index.php?rest_route=\/wp\/v2\/pages\/95","targetHints":{"allow":["GET"]}}],"collection":[{"href":"http:\/\/www.rforti.com.br\/index.php?rest_route=\/wp\/v2\/pages"}],"about":[{"href":"http:\/\/www.rforti.com.br\/index.php?rest_route=\/wp\/v2\/types\/page"}],"author":[{"embeddable":true,"href":"http:\/\/www.rforti.com.br\/index.php?rest_route=\/wp\/v2\/users\/2"}],"replies":[{"embeddable":true,"href":"http:\/\/www.rforti.com.br\/index.php?rest_route=%2Fwp%2Fv2%2Fcomments&post=95"}],"version-history":[{"count":2,"href":"http:\/\/www.rforti.com.br\/index.php?rest_route=\/wp\/v2\/pages\/95\/revisions"}],"predecessor-version":[{"id":128,"href":"http:\/\/www.rforti.com.br\/index.php?rest_route=\/wp\/v2\/pages\/95\/revisions\/128"}],"wp:attachment":[{"href":"http:\/\/www.rforti.com.br\/index.php?rest_route=%2Fwp%2Fv2%2Fmedia&parent=95"}],"curies":[{"name":"wp","href":"https:\/\/api.w.org\/{rel}","templated":true}]}}